{"id":2025,"date":"2025-02-21T14:49:53","date_gmt":"2025-02-21T17:49:53","guid":{"rendered":"https:\/\/abji.com.br\/wp\/?page_id=2025"},"modified":"2025-02-21T14:53:10","modified_gmt":"2025-02-21T17:53:10","slug":"convocacao-equipe-de-trabalho-copa-bahia-open-de-judo-inclusivo","status":"publish","type":"page","link":"https:\/\/abji.com.br\/wp\/convocacao-equipe-de-trabalho-copa-bahia-open-de-judo-inclusivo\/","title":{"rendered":"https:\/\/abji.com.br\/wp\/convocacao-equipe-de-trabalho-copa-bahia-open-de-judo-inclusivo\/"},"content":{"rendered":"\n<div data-wp-interactive=\"core\/file\" class=\"wp-block-file\"><object data-wp-bind--hidden=\"!state.hasPdfPreview\" hidden class=\"wp-block-file__embed\" data=\"https:\/\/abji.com.br\/wp\/wp-content\/uploads\/2025\/02\/CONVOCACAO-DA-EQUIPE-DE-TRABALHO-COPA-BAHIA-OPEN-DE-JUDO-INCLUSIVO.pdf\" type=\"application\/pdf\" style=\"width:100%;height:600px\" aria-label=\"Incorporado de CONVOCA\u00c7\u00c3O DA EQUIPE DE TRABALHO  COPA BAHIA OPEN DE JUD\u00d4 INCLUSIVO.\"><\/object><a id=\"wp-block-file--media-a451f009-1e13-48cd-8a9a-eafefddcc83b\" href=\"https:\/\/abji.com.br\/wp\/wp-content\/uploads\/2025\/02\/CONVOCACAO-DA-EQUIPE-DE-TRABALHO-COPA-BAHIA-OPEN-DE-JUDO-INCLUSIVO.pdf\">CONVOCA\u00c7\u00c3O DA EQUIPE DE TRABALHO  COPA BAHIA OPEN DE JUD\u00d4 INCLUSIVO<\/a><a href=\"https:\/\/abji.com.br\/wp\/wp-content\/uploads\/2025\/02\/CONVOCACAO-DA-EQUIPE-DE-TRABALHO-COPA-BAHIA-OPEN-DE-JUDO-INCLUSIVO.pdf\" class=\"wp-block-file__button wp-element-button\" download aria-describedby=\"wp-block-file--media-a451f009-1e13-48cd-8a9a-eafefddcc83b\">Baixar<\/a><\/div>\n<div class=\"gsp_post_data\" \r\n\t            data-post_type=\"page\" \r\n\t            data-cat=\"\" \r\n\t            data-modified=\"120\"\r\n\t            data-created=\"1740149393\"\r\n\t            data-title=\"https:\/\/abji.com.br\/wp\/convocacao-equipe-de-trabalho-copa-bahia-open-de-judo-inclusivo\/\" \r\n\t            data-home=\"https:\/\/abji.com.br\/wp\"><\/div>","protected":false},"excerpt":{"rendered":"","protected":false},"author":2,"featured_media":0,"parent":0,"menu_order":0,"comment_status":"closed","ping_status":"closed","template":"","meta":{"_monsterinsights_skip_tracking":false,"_monsterinsights_sitenote_active":false,"_monsterinsights_sitenote_note":"","_monsterinsights_sitenote_category":0,"footnotes":""},"class_list":["post-2025","page","type-page","status-publish","hentry"],"_links":{"self":[{"href":"https:\/\/abji.com.br\/wp\/wp-json\/wp\/v2\/pages\/2025","targetHints":{"allow":["GET"]}}],"collection":[{"href":"https:\/\/abji.com.br\/wp\/wp-json\/wp\/v2\/pages"}],"about":[{"href":"https:\/\/abji.com.br\/wp\/wp-json\/wp\/v2\/types\/page"}],"author":[{"embeddable":true,"href":"https:\/\/abji.com.br\/wp\/wp-json\/wp\/v2\/users\/2"}],"replies":[{"embeddable":true,"href":"https:\/\/abji.com.br\/wp\/wp-json\/wp\/v2\/comments?post=2025"}],"version-history":[{"count":2,"href":"https:\/\/abji.com.br\/wp\/wp-json\/wp\/v2\/pages\/2025\/revisions"}],"predecessor-version":[{"id":2030,"href":"https:\/\/abji.com.br\/wp\/wp-json\/wp\/v2\/pages\/2025\/revisions\/2030"}],"wp:attachment":[{"href":"https:\/\/abji.com.br\/wp\/wp-json\/wp\/v2\/media?parent=2025"}],"curies":[{"name":"wp","href":"https:\/\/api.w.org\/{rel}","templated":true}]}}